{"id":49,"date":"2015-04-09T00:21:15","date_gmt":"2015-04-08T22:21:15","guid":{"rendered":"http:\/\/www.margheritagabrielli.it\/wordpress\/?page_id=49"},"modified":"2015-04-19T15:40:10","modified_gmt":"2015-04-19T13:40:10","slug":"il-ramo-materno-le-radici-tedesche","status":"publish","type":"page","link":"https:\/\/www.margheritagabrielli.it\/?page_id=49","title":{"rendered":"Il ramo materno &#8211; l&#8217;ascendente tedesco"},"content":{"rendered":"<h1>L&#8217;ascendente tedesco:<\/h1>\n<h2>Berncastel e Hauschild<\/h2>\n<p>&nbsp;<\/p>\n<p><strong>Marta Berncastel<\/strong> (1886-1961) madre di Margherita Gabrielli, era l&#8217;ultima discendente della famiglia tedesca stabilitasi a Napoli.<\/p>\n<p>Suo padre Giuseppe (il nonno materno di Margherita), originario di Tiers (Treviri) allora provincia prussiana del Reno, era giunto in Italia insieme a due sue fratelli affidati allo zio Nicola, che a Napoli aveva acquistato una farmacia (ancor&#8217;oggi esistente e nota come &#8220;Farmacia tedesca&#8221;).<\/p>\n<p style=\"padding-left: 30px;\"><small>Una curiosit\u00e0 storica \u00e8 rappresentata dal trisnonno di Margherita, Lion Natathan Berncastel. Lion aveva studiato medicina a Berlino e Jena ed esercit\u00f2 la professione in varie citt\u00e0 prima di trasferirsi definitivamente a Tiers nel 1798. Per curiosa coincidenza era vicino di casa della famiglia dell&#8217;avvocato Heinrich Marx e, nel 1818, prest\u00f2 assistenza alla nascita del figlio Karl Marx.<\/small><\/p>\n<p>Il ramo artistico \u00e8 per\u00f2 quello materno. Il bisnonno <strong>Max Hauschild<\/strong> (1810-1895). Formatosi a Dresda come architetto, dal 1838 in poi visse e lavor\u00f2 muovendosi tra Dresda, Roma e Napoli &#8220;dedicandosi gi\u00e0 a partire dal suo primo soggiorno a Roma interamente alla pittura architettonica. Grande \u00e8 la sua produzione di quadri ad olio &#8230; e dei suoi acquerelli e Gouache &#8230;&#8221; (Thieme\/Becker XVI, 137)<\/p>\n","protected":false},"excerpt":{"rendered":"<p>L&#8217;ascendente tedesco: Berncastel e Hauschild &nbsp; Marta Berncastel (1886-1961) madre di Margherita Gabrielli, era l&#8217;ultima discendente della famiglia tedesca stabilitasi a Napoli. Suo padre Giuseppe (il nonno materno di Margherita), originario di Tiers (Treviri) allora provincia prussiana del Reno, era giunto in Italia insieme a due sue fratelli affidati allo zio Nicola, che a Napoli &hellip;<\/p>\n","protected":false},"author":1,"featured_media":0,"parent":26,"menu_order":10,"comment_status":"closed","ping_status":"closed","template":"","meta":{"footnotes":""},"class_list":["post-49","page","type-page","status-publish","hentry"],"_links":{"self":[{"href":"https:\/\/www.margheritagabrielli.it\/index.php?rest_route=\/wp\/v2\/pages\/49","targetHints":{"allow":["GET"]}}],"collection":[{"href":"https:\/\/www.margheritagabrielli.it\/index.php?rest_route=\/wp\/v2\/pages"}],"about":[{"href":"https:\/\/www.margheritagabrielli.it\/index.php?rest_route=\/wp\/v2\/types\/page"}],"author":[{"embeddable":true,"href":"https:\/\/www.margheritagabrielli.it\/index.php?rest_route=\/wp\/v2\/users\/1"}],"replies":[{"embeddable":true,"href":"https:\/\/www.margheritagabrielli.it\/index.php?rest_route=%2Fwp%2Fv2%2Fcomments&post=49"}],"version-history":[{"count":7,"href":"https:\/\/www.margheritagabrielli.it\/index.php?rest_route=\/wp\/v2\/pages\/49\/revisions"}],"predecessor-version":[{"id":309,"href":"https:\/\/www.margheritagabrielli.it\/index.php?rest_route=\/wp\/v2\/pages\/49\/revisions\/309"}],"up":[{"embeddable":true,"href":"https:\/\/www.margheritagabrielli.it\/index.php?rest_route=\/wp\/v2\/pages\/26"}],"wp:attachment":[{"href":"https:\/\/www.margheritagabrielli.it\/index.php?rest_route=%2Fwp%2Fv2%2Fmedia&parent=49"}],"curies":[{"name":"wp","href":"https:\/\/api.w.org\/{rel}","templated":true}]}}