{"id":9,"date":"2015-04-03T14:38:23","date_gmt":"2015-04-03T12:38:23","guid":{"rendered":"http:\/\/www.margheritagabrielli.it\/wordpress\/?page_id=9"},"modified":"2015-04-19T15:33:29","modified_gmt":"2015-04-19T13:33:29","slug":"la-vita","status":"publish","type":"page","link":"https:\/\/www.margheritagabrielli.it\/?page_id=9","title":{"rendered":"La vita"},"content":{"rendered":"<p><a href=\"https:\/\/www.margheritagabrielli.it\/wordpress\/wp-content\/uploads\/2015\/04\/Margherita-nel-suo-studio-Roma.jpg\"><img loading=\"lazy\" decoding=\"async\" class=\"  alignleft wp-image-23\" src=\"https:\/\/www.margheritagabrielli.it\/wordpress\/wp-content\/uploads\/2015\/04\/Margherita-nel-suo-studio-Roma-204x300.jpg\" alt=\"Margherita nel suo studio - Roma\" width=\"306\" height=\"450\" \/><\/a>(Napoli 1916 &#8211; Roma 2007) Si laure\u00f2 a Napoli in Lettere e Filosofia e Storia dell&#8217;arte antica. Inizi\u00f2 gli studi artistici all&#8217;Accademia di Belle Arti di Napoli, con Vincenzo Ciardo, e vinse ilpremio della Scuola di Paesaggio nel 1941. Si diplom\u00f2 in pittura nell&#8217;Accademia di Belle Arti di Roma, dove frequent\u00f2 il Corso diperfezionamento e di decorazione di F. Ferrazzi e dove prosegu\u00ec gli studi sull&#8217;arte antica e specificamente medievale,mentre sviluppava la sua esperienza artistica come pittrice, mantenendosi in vivo contatto con ricerche e problematiche pittorichenote ed accreditate all&#8217;estero. Studi\u00f2 la teoria dei colori di Goethe con il pittore Beppe Assenza.<\/p>\n<p>Insegn\u00f2 Storia dell&#8217;Arte a Lecce e a Roma in Licei Artistici Statali, portandoavanti le sue ricerche in un alterno dialogo fra la creazione libera personale moderna e lo studio estetico-critico dell&#8217;arte del passato.Come &#8220;medievalista&#8221; divenne nota anche all&#8217;estero per gli studi di critica d&#8217;arte e le proposte di restauri e ricostruzioni di affreschi dell&#8217;epoca di Giotto.<\/p>\n<p>Partecip\u00f3 a numerose <a title=\"Le mostre\" href=\"https:\/\/www.margheritagabrielli.it\/wordpress\/?page_id=36\" target=\"_blank\">mostre<\/a> e pubblic\u00f2 numerose <a title=\"La ricerca\" href=\"https:\/\/www.margheritagabrielli.it\/wordpress\/?page_id=56\" target=\"_blank\">conferenze e saggi<\/a>, fra cui quelli sugli affreschi assisiati.<\/p>\n","protected":false},"excerpt":{"rendered":"<p>(Napoli 1916 &#8211; Roma 2007) Si laure\u00f2 a Napoli in Lettere e Filosofia e Storia dell&#8217;arte antica. Inizi\u00f2 gli studi artistici all&#8217;Accademia di Belle Arti di Napoli, con Vincenzo Ciardo, e vinse ilpremio della Scuola di Paesaggio nel 1941. Si diplom\u00f2 in pittura nell&#8217;Accademia di Belle Arti di Roma, dove frequent\u00f2 il Corso diperfezionamento e &hellip;<\/p>\n","protected":false},"author":1,"featured_media":0,"parent":0,"menu_order":5,"comment_status":"closed","ping_status":"closed","template":"","meta":{"footnotes":""},"class_list":["post-9","page","type-page","status-publish","hentry"],"_links":{"self":[{"href":"https:\/\/www.margheritagabrielli.it\/index.php?rest_route=\/wp\/v2\/pages\/9","targetHints":{"allow":["GET"]}}],"collection":[{"href":"https:\/\/www.margheritagabrielli.it\/index.php?rest_route=\/wp\/v2\/pages"}],"about":[{"href":"https:\/\/www.margheritagabrielli.it\/index.php?rest_route=\/wp\/v2\/types\/page"}],"author":[{"embeddable":true,"href":"https:\/\/www.margheritagabrielli.it\/index.php?rest_route=\/wp\/v2\/users\/1"}],"replies":[{"embeddable":true,"href":"https:\/\/www.margheritagabrielli.it\/index.php?rest_route=%2Fwp%2Fv2%2Fcomments&post=9"}],"version-history":[{"count":7,"href":"https:\/\/www.margheritagabrielli.it\/index.php?rest_route=\/wp\/v2\/pages\/9\/revisions"}],"predecessor-version":[{"id":308,"href":"https:\/\/www.margheritagabrielli.it\/index.php?rest_route=\/wp\/v2\/pages\/9\/revisions\/308"}],"wp:attachment":[{"href":"https:\/\/www.margheritagabrielli.it\/index.php?rest_route=%2Fwp%2Fv2%2Fmedia&parent=9"}],"curies":[{"name":"wp","href":"https:\/\/api.w.org\/{rel}","templated":true}]}}